{"id":8759,"date":"2025-11-05T17:03:05","date_gmt":"2025-11-05T16:03:05","guid":{"rendered":"https:\/\/rutz-restaurant.de\/?post_type=product&#038;p=8759"},"modified":"2025-12-02T09:21:36","modified_gmt":"2025-12-02T08:21:36","slug":"rutz-x-hering-porzellanbecher-weiss-beige","status":"publish","type":"product","link":"https:\/\/rutz-restaurant.de\/en\/produkt\/rutz-x-hering-porzellanbecher-weiss-beige\/","title":{"rendered":"Rutz x Hering \u2013 Porzellanbecher wei\u00df\/beige (limitierte Edition)"},"content":{"rendered":"<p data-start=\"160\" data-end=\"445\">Schlicht, elegant, handwerklich perfekt: Der gro\u00dfe Becher aus feinstem Biskuitporzellan verbindet zeitloses Design mit sinnlicher Haptik. Au\u00dfen fein matt geschliffen, innen beige glasiert. Jede Tasse ein kleines Kunstwerk \u2013 reduziert, modern, made in Berlin.<\/p>\n<p data-start=\"447\" data-end=\"518\">Sp\u00fclmaschinen- und mikrowellenfest.<br data-start=\"482\" data-end=\"485\" \/>Ma\u00dfe: \u00d884 mm \u00d7 H116 mm (220 ml)<\/p>\n","protected":false},"excerpt":{"rendered":"<p>Schlicht, elegant, handwerklich perfekt: Der gro\u00dfe Becher aus feinstem Biskuitporzellan verbindet zeitloses Design mit sinnlicher Haptik. Au\u00dfen fein matt geschliffen, innen beige glasiert. Jede Tasse ein kleines Kunstwerk \u2013 reduziert, modern, made in Berlin.<\/p>\n","protected":false},"featured_media":8850,"template":"","meta":{"_acf_changed":false},"product_brand":[],"product_cat":[15],"product_tag":[],"class_list":{"0":"post-8759","1":"product","2":"type-product","3":"status-publish","4":"has-post-thumbnail","6":"product_cat-unkategorisiert","7":"product_shipping_class-standard","10":"first","11":"instock","12":"sold-individually","13":"taxable","14":"shipping-taxable","15":"purchasable","16":"product-type-simple"},"acf":[],"_links":{"self":[{"href":"https:\/\/rutz-restaurant.de\/en\/wp-json\/wp\/v2\/product\/8759","targetHints":{"allow":["GET"]}}],"collection":[{"href":"https:\/\/rutz-restaurant.de\/en\/wp-json\/wp\/v2\/product"}],"about":[{"href":"https:\/\/rutz-restaurant.de\/en\/wp-json\/wp\/v2\/types\/product"}],"wp:featuredmedia":[{"embeddable":true,"href":"https:\/\/rutz-restaurant.de\/en\/wp-json\/wp\/v2\/media\/8850"}],"wp:attachment":[{"href":"https:\/\/rutz-restaurant.de\/en\/wp-json\/wp\/v2\/media?parent=8759"}],"wp:term":[{"taxonomy":"product_brand","embeddable":true,"href":"https:\/\/rutz-restaurant.de\/en\/wp-json\/wp\/v2\/product_brand?post=8759"},{"taxonomy":"product_cat","embeddable":true,"href":"https:\/\/rutz-restaurant.de\/en\/wp-json\/wp\/v2\/product_cat?post=8759"},{"taxonomy":"product_tag","embeddable":true,"href":"https:\/\/rutz-restaurant.de\/en\/wp-json\/wp\/v2\/product_tag?post=8759"}],"curies":[{"name":"wp","href":"https:\/\/api.w.org\/{rel}","templated":true}]}}