{"id":8726,"date":"2025-10-29T14:15:38","date_gmt":"2025-10-29T13:15:38","guid":{"rendered":"https:\/\/rutz-restaurant.de\/?post_type=product&#038;p=8726"},"modified":"2025-12-22T20:58:34","modified_gmt":"2025-12-22T19:58:34","slug":"steakmesser","status":"publish","type":"product","link":"https:\/\/rutz-restaurant.de\/en\/produkt\/steakmesser\/","title":{"rendered":"Rutz x Victorinox \u2013 2 Steakmesser (limitierte Edition)"},"content":{"rendered":"<p data-start=\"238\" data-end=\"453\">Ein Messer, das Stil, Pr\u00e4zision und Handwerkskunst vereint.<br data-start=\"297\" data-end=\"300\" \/>In Zusammenarbeit mit <strong data-start=\"322\" data-end=\"336\">Victorinox<\/strong> entstand dieses <strong data-start=\"353\" data-end=\"401\">exklusiv f\u00fcr das Rutz gebrandete Steakmesserset<\/strong> \u2013 ein Werkzeug f\u00fcr alle, die Genuss ernst nehmen.<\/p>\n<p data-start=\"455\" data-end=\"777\">Das geschmiedete <strong data-start=\"472\" data-end=\"500\">Grand Ma\u00eetre Steakmesser<\/strong> \u00fcberzeugt durch perfekte Balance, elegante Linienf\u00fchrung und eine <strong data-start=\"567\" data-end=\"587\">Full-Tang-Klinge<\/strong>, die gleichm\u00e4\u00dfig geh\u00e4rtet und au\u00dfergew\u00f6hnlich langlebig ist. Der <strong data-start=\"653\" data-end=\"684\">von Hand polierte Holzgriff<\/strong> liegt ergonomisch in der Hand und verbindet zeitlose \u00c4sthetik mit robuster Funktionalit\u00e4t.<\/p>\n<p data-start=\"779\" data-end=\"938\">Ob zu Hause am Esstisch oder im professionellen Einsatz \u2013 dieses Messer gleitet m\u00fchelos durch jedes St\u00fcck Fleisch und macht jeden Schnitt zu einem Statement.<\/p>\n<p data-start=\"779\" data-end=\"938\">Pro Set sind zwei Messer enthalten und wird von uns h\u00fcbsch verpackt.<\/p>\n<p data-start=\"940\" data-end=\"1041\">\ud83d\udca1 <strong data-start=\"943\" data-end=\"952\">Tipp:<\/strong> Ein besonderes Geschenk f\u00fcr alle, die gutes Handwerk, gutes Essen und das Rutz lieben.<\/p>\n","protected":false},"excerpt":{"rendered":"<p>Zwei elegante Steakmesser aus der geschmiedeten Grand-Ma\u00eetre-Linie von Victorinox \u2013 exklusiv mit Rutz-Branding. Perfekt ausbalanciert, mit handpoliertem Holzgriff und pr\u00e4ziser Klinge. F\u00fcr stilvollen Genuss zu Hause oder als besonderes Geschenk. <em data-start=\"391\" data-end=\"412\">Limitierte Edition.<\/em><\/p>\n<p data-start=\"779\" data-end=\"938\">Pro Set sind zwei Messer enthalten und wird von uns h\u00fcbsch verpackt.<\/p>\n<p data-start=\"940\" data-end=\"1041\">\ud83d\udca1 <strong data-start=\"943\" data-end=\"952\">Tipp:<\/strong> Ein besonderes Geschenk f\u00fcr alle, die gutes Handwerk, gutes Essen und das Rutz lieben.<\/p>\n","protected":false},"featured_media":8733,"template":"","meta":{"_acf_changed":false},"product_brand":[],"product_cat":[15],"product_tag":[],"class_list":{"0":"post-8726","1":"product","2":"type-product","3":"status-publish","4":"has-post-thumbnail","6":"product_cat-unkategorisiert","7":"product_shipping_class-leichte-pakete","10":"first","11":"instock","12":"sold-individually","13":"taxable","14":"shipping-taxable","15":"purchasable","16":"product-type-simple"},"acf":[],"_links":{"self":[{"href":"https:\/\/rutz-restaurant.de\/en\/wp-json\/wp\/v2\/product\/8726","targetHints":{"allow":["GET"]}}],"collection":[{"href":"https:\/\/rutz-restaurant.de\/en\/wp-json\/wp\/v2\/product"}],"about":[{"href":"https:\/\/rutz-restaurant.de\/en\/wp-json\/wp\/v2\/types\/product"}],"wp:featuredmedia":[{"embeddable":true,"href":"https:\/\/rutz-restaurant.de\/en\/wp-json\/wp\/v2\/media\/8733"}],"wp:attachment":[{"href":"https:\/\/rutz-restaurant.de\/en\/wp-json\/wp\/v2\/media?parent=8726"}],"wp:term":[{"taxonomy":"product_brand","embeddable":true,"href":"https:\/\/rutz-restaurant.de\/en\/wp-json\/wp\/v2\/product_brand?post=8726"},{"taxonomy":"product_cat","embeddable":true,"href":"https:\/\/rutz-restaurant.de\/en\/wp-json\/wp\/v2\/product_cat?post=8726"},{"taxonomy":"product_tag","embeddable":true,"href":"https:\/\/rutz-restaurant.de\/en\/wp-json\/wp\/v2\/product_tag?post=8726"}],"curies":[{"name":"wp","href":"https:\/\/api.w.org\/{rel}","templated":true}]}}