{"id":6442,"date":"2022-05-11T13:49:46","date_gmt":"2022-05-11T11:49:46","guid":{"rendered":"https:\/\/rutz-restaurant.de\/family\/"},"modified":"2026-02-19T11:15:29","modified_gmt":"2026-02-19T10:15:29","slug":"family","status":"publish","type":"page","link":"https:\/\/rutz-restaurant.de\/en\/family\/","title":{"rendered":"Family"},"content":{"rendered":"<div id=\"cs-content\" class=\"cs-content\"><\/div>\n","protected":false},"excerpt":{"rendered":"<p>Thefamily2001 2026 Together. Rutz.Marco M\u00fcllerExecutive chefFalco M\u00fchlichenRestaurant manager &#038; hostKerstin PietschAssistant to the managementSebastian H\u00f6pfnerHead SommelierClemens Zei\u00dfigAssistant SommelierAnja &amp; Carsten SchmidtFounderLuca MathesSous ChefTim GronemeierJunior Sous ChefThe Rutz Restaurant works with selected regional ingredients of the highest quality. With purist finesse and our inspirational menus, we ensure incomparable taste experiences. Since&hellip;<\/p>\n","protected":false},"author":1,"featured_media":0,"parent":0,"menu_order":0,"comment_status":"closed","ping_status":"closed","template":"template-blank-4.php","meta":{"_acf_changed":false,"footnotes":""},"class_list":["post-6442","page","type-page","status-publish","hentry","no-post-thumbnail"],"acf":[],"_links":{"self":[{"href":"https:\/\/rutz-restaurant.de\/en\/wp-json\/wp\/v2\/pages\/6442","targetHints":{"allow":["GET"]}}],"collection":[{"href":"https:\/\/rutz-restaurant.de\/en\/wp-json\/wp\/v2\/pages"}],"about":[{"href":"https:\/\/rutz-restaurant.de\/en\/wp-json\/wp\/v2\/types\/page"}],"author":[{"embeddable":true,"href":"https:\/\/rutz-restaurant.de\/en\/wp-json\/wp\/v2\/users\/1"}],"replies":[{"embeddable":true,"href":"https:\/\/rutz-restaurant.de\/en\/wp-json\/wp\/v2\/comments?post=6442"}],"version-history":[{"count":3,"href":"https:\/\/rutz-restaurant.de\/en\/wp-json\/wp\/v2\/pages\/6442\/revisions"}],"predecessor-version":[{"id":9235,"href":"https:\/\/rutz-restaurant.de\/en\/wp-json\/wp\/v2\/pages\/6442\/revisions\/9235"}],"wp:attachment":[{"href":"https:\/\/rutz-restaurant.de\/en\/wp-json\/wp\/v2\/media?parent=6442"}],"curies":[{"name":"wp","href":"https:\/\/api.w.org\/{rel}","templated":true}]}}